{"id":18933,"date":"2024-10-14T12:52:53","date_gmt":"2024-10-14T10:52:53","guid":{"rendered":"https:\/\/faveker.com\/?page_id=18933"},"modified":"2024-10-15T09:26:03","modified_gmt":"2024-10-15T07:26:03","slug":"sustainable-buildings","status":"publish","type":"page","link":"https:\/\/faveker.com\/en\/blog\/sustainable-buildings\/","title":{"rendered":"Sustainable Buildings"},"content":{"rendered":"<p>[vc_row gap=&#8221;0&#8243; full_height=&#8221;yes&#8221; content_placement=&#8221;middle&#8221; bg_attachment=&#8221;fixed&#8221; enable_overlay=&#8221;yes&#8221; responsive_css=&#8221;padding_top_medium:0px|padding_bottom_medium:0px|padding_top_small:60px|padding_bottom_small:60px&#8221; css=&#8221;.vc_custom_1728927018641{padding-top: 150px !important;padding-bottom: 150px !important;background-image: url(https:\/\/faveker.com\/wp-content\/uploads\/2023\/11\/IMG_0991.jpg?id=13901) !important;background-position: center !important;background-repeat: no-repeat !important;background-size: cover !important;}&#8221; overlay_bg=&#8221;rgba(0, 0, 0, 0.41)&#8221;][vc_column offset=&#8221;vc_col-md-offset-2 vc_col-md-8&#8243;]<style>.ld_spacer_69e92d18e560e{height:32px;}<\/style>\n<div class=\"ld-empty-space ld_spacer_69e92d18e560e\"><\/div><style>.ld_fancy_heading_69e92d18e595d h1{color:rgb(255, 255, 255);}.ld_fancy_heading_69e92d18e595d .lqd-highlight-inner{height:0.275em!important;bottom:0px!important;}<\/style><div class=\"ld-fancy-heading text-center text-uppercase ld_fancy_heading_69e92d18e595d\">\n\t<h1 class=\"ld-fh-element lqd-highlight-underline lqd-highlight-grow-left text-decoration-default\"   >  <strong>Sustainable buildings<\/strong><\/h1><\/div><style>.ld_spacer_69e92d18e67b7{height:32px;}<\/style>\n<div class=\"ld-empty-space ld_spacer_69e92d18e67b7\"><\/div>[\/vc_column][\/vc_row][vc_row responsive_css=&#8221;margin_bottom_medium:30px|padding_top_medium:30px|padding_bottom_medium:20px|margin_bottom_small:0px&#8221; css=&#8221;.vc_custom_1727949721517{margin-bottom: 30px !important;padding-top: 30px !important;background-color: #e9e6dc !important;}&#8221; el_id=&#8221;solodesktop&#8221; row_hide=&#8221;hidden-xs hidden-sm&#8221;][vc_column]<style>.ld_fancy_heading_69e92d18e6a8e p{color:rgb(0, 0, 0);}.ld_fancy_heading_69e92d18e6a8e .lqd-highlight-inner{height:0.275em!important;bottom:0px!important;}<\/style><div class=\"ld-fancy-heading text-left ld_fancy_heading_69e92d18e6a8e\">\n\t<p class=\"ld-fh-element lqd-highlight-underline lqd-highlight-grow-left text-decoration-default\"   >  In our <strong>Sustainable Buildings<\/strong> articles, we dive into the passionate world of responsible construction where harmony between functionality, esthetics and respect for the environment is the cornerstone for any project. Here, you\u2019ll find out how ceramic ventilated facades have become the stars of sustainable building, offering <strong>innovative and efficient solutions<\/strong> that go beyond just construction.<\/p>\n<p><strong>Sustainability<\/strong> is a priority throughout the entire value chain of any sector like <strong>construction<\/strong>. The commitment to the environment is perceived in the production processes, choice of materials, taste for efficient buildings and the way in which people seek energy optimization for each new construction or rehabilitation project.<\/p>\n<p>Find out through <strong>Sustainable Buildings<\/strong> how this commitment unfolds through each ventilated facade action. Get information on innovative materials, energy efficiency, and SDG respectful solutions and designs. Stay up to date on environmental laws and certification programs and find out how to integrate sustainability from start to finish. With our <strong>Sustainable Buildings<\/strong> articles, we invite you to join this unstoppable movement towards more responsible construction where people\u2019s wellbeing and environmental protection are the fundamental pillars of each project.<\/p><\/div>[\/vc_column][\/vc_row][vc_row responsive_css=&#8221;padding_top_medium:30px|padding_bottom_medium:20px&#8221; css=&#8221;.vc_custom_1727949747358{padding-top: 30px !important;background-color: #e9e6dc !important;}&#8221; el_id=&#8221;soloenmovil&#8221; row_hide=&#8221;hidden-md hidden-lg&#8221;][vc_column]<style>.ld_fancy_heading_69e92d18e7c83 p{color:rgb(0, 0, 0);}.ld_fancy_heading_69e92d18e7c83 .lqd-highlight-inner{height:0.275em!important;bottom:0px!important;}<\/style><div class=\"ld-fancy-heading text-justified ld_fancy_heading_69e92d18e7c83\">\n\t<p class=\"ld-fh-element lqd-highlight-underline lqd-highlight-grow-left text-decoration-default\"   >  <\/p>\n<div class=\"expandable-content\">\n<p class=\"content\">In our <strong>Sustainable Buildings<\/strong> articles, we dive into the passionate world of responsible construction where harmony between functionality, esthetics and respect for the environment is the cornerstone for any project.<\/p>\n<p class=\"hidden-content\">Here, you\u2019ll find out how ceramic ventilated facades have become the stars of sustainable building, offering <strong>innovative and efficient solutions<\/strong> that go beyond just construction.<br \/>\n<strong>Sustainability <\/strong>is a priority throughout the entire value chain of any sector like <strong>construction<\/strong>. The commitment to the environment is perceived in the production processes, choice of materials, taste for efficient buildings and the way in which people seek energy optimization for each new construction or rehabilitation project.<br \/>\nFind out through <strong>Sustainable Buildings<\/strong> how this commitment unfolds through each ventilated facade action. Get information on innovative materials, energy efficiency, and SDG respectful solutions and designs. Stay up to date on environmental laws and certification programs and find out how to integrate sustainability from start to finish. With our <strong>Sustainable Buildings<\/strong> articles, we invite you to join this unstoppable movement towards more responsible construction where people\u2019s wellbeing and environmental protection are the fundamental pillars of each project.<\/p>\n<p style=\"text-align: center\"><button class=\"expand-btn\">Ver m\u00e1s<\/button><\/p>\n<p style=\"text-align: center\"><button class=\"collapse-btn\">Ver menos<\/button><\/p>\n<\/div>\n<p><\/p><\/div>[\/vc_column][\/vc_row][vc_row header_full_width=&#8221;yes&#8221; el_class=&#8221;menu_subcategorias&#8221;][vc_column]<style>.ld_custom_menu_69e92d18e863c > ul > li > a{font-size:15px;font-weight:700;color:rgb(0, 0, 0);}.ld_custom_menu_69e92d18e863c{border-bottom:1px solid rgb(0, 0, 0);}.ld_custom_menu_69e92d18e863c > ul > li > a:hover, .ld_custom_menu_69e92d18e863c li.is-active > a{color:rgb(0, 0, 0);background:rgb(233, 230, 220);}<\/style><div\n\tclass=\"lqd-fancy-menu lqd-custom-menu menu-items-has-fill lqd-menu-td-none lqd-custom-menu-mobile-collapsible pb-1 ld_custom_menu_69e92d18e863c\"\n\t>\n<span class=\"lqd-custom-menu-dropdown-btn d-flex align-items-center\" data-target=\"#ld_custom_menu_69e92d18e863c\" data-bs-target=\"#ld_custom_menu_69e92d18e863c\" data-toggle=\"collapse\" data-bs-toggle=\"collapse\" data-ld-toggle=\"true\" data-toggle-options='{ \"closeOnOutsideClick\": {\"ifNotIn\": \"#lqd-site-content\"} }'>\n\n\t\n\t\t\t<span class=\"toggle-label\">\n\t\t\t\t\t\t\tCHOOSE CATEGORY\t\t\t\t\t<\/span>\n\t\n\t<span class=\"expander-icon ml-auto lh-1 d-inline-flex\">\n\t\t<i class=\"lqd-icn-ess icon-ion-ios-arrow-down\"><\/i>\n\t<\/span>\n<\/span>\n\n<ul id=\"ld_custom_menu_69e92d18e863c\" class=\"reset-ul inline-nav  \" ><li id=\"menu-item-18901\" class=\"menu-item menu-item-type-post_type menu-item-object-page menu-item-18901\"><a href=\"https:\/\/faveker.com\/en\/blog\/\">Blog<\/a><\/li>\n<li id=\"menu-item-18927\" class=\"menu-item menu-item-type-post_type menu-item-object-page menu-item-18927\"><a href=\"https:\/\/faveker.com\/en\/blog\/architecture-design\/\">Architecture &#038; Design<\/a><\/li>\n<li id=\"menu-item-18928\" class=\"menu-item menu-item-type-post_type menu-item-object-page menu-item-18928\"><a href=\"https:\/\/faveker.com\/en\/blog\/everything-for-facades\/\">Everything for Facades<\/a><\/li>\n<li id=\"menu-item-18939\" class=\"menu-item menu-item-type-post_type menu-item-object-page menu-item-18939\"><a href=\"https:\/\/faveker.com\/en\/blog\/sustainable-buildings\/\">Sustainable Buildings<\/a><\/li>\n<li id=\"menu-item-18951\" class=\"menu-item menu-item-type-post_type menu-item-object-page menu-item-18951\"><a href=\"https:\/\/faveker.com\/en\/blog\/quality-and-standards\/\">Quality and Standards<\/a><\/li>\n<li id=\"menu-item-18973\" class=\"menu-item menu-item-type-post_type menu-item-object-page menu-item-18973\"><a href=\"https:\/\/faveker.com\/en\/blog\/ceramic-solutions\/\">Questions about ceramic solutions<\/a><\/li>\n<li id=\"menu-item-18902\" class=\"menu-item menu-item-type-post_type menu-item-object-page menu-item-18902\"><a href=\"https:\/\/faveker.com\/en\/news\/\">News<\/a><\/li>\n<\/ul><\/div>[\/vc_column][\/vc_row][vc_row][vc_column]<style>.ld_spacer_69e92d18edf7e{height:30px;}<\/style>\n<div class=\"ld-empty-space ld_spacer_69e92d18edf7e\"><\/div><style>.ld_blog_69e92d18ee178 .lqd-lp-row{margin-inline-start:-20px;margin-inline-end:-20px;}.ld_blog_69e92d18ee178 .lqd-lp-column{padding-inline-start:20px;padding-inline-end:20px;margin-bottom:40px;}.ld_blog_69e92d18ee178 .lqd-lp .lqd-lp-title{margin-top:px !important;margin-bottom:px !important;}<\/style><div class=\"lqd-lp-grid ld_blog_69e92d18ee178 lqd-1674056159751-cdbb384f-2e4f \"><div class=\"lqd-lp-row row d-flex flex-wrap\"><div class=\"lqd-lp-column col-md-4 col-sm-6 blog sustainable-buildings\"><article id=\"post-132520\" class=\"lqd-lp lqd-lp-style-6 lqd-lp-hover-img-zoom pos-rel round overflow-hidden post-132520 post type-post status-publish format-standard has-post-thumbnail hentry category-blog category-sustainable-buildings\">\n<div class=\"lqd-lp-img overflow-hidden\">\n\n\t<figure><img decoding=\"async\" width=\"720\" height=\"510\" src=\"https:\/\/faveker.com\/wp-content\/uploads\/2026\/02\/BLOG-GRES-ARAGON-IMAGENES-30-720x510.png\" class=\"w-100 wp-post-image\" alt=\"\" itemprop=\"image\" \/><\/figure>\n\t<div class=\"lqd-lp-meta text-uppercase font-weight-bold pos-rel z-index-3\">\n\t\t\t<\/div>\n\n<\/div>\n\n<header class=\"lqd-lp-header p-5\">\n\n\t<div class=\"lqd-lp-meta lqd-lp-meta-dot-between d-flex flex-wrap align-items-center text-uppercase ltr-sp-1 font-weight-bold\">\n\n\t\t<div class=\"lqd-lp-author pos-rel z-index-3\">\n\t\t\t<div class=\"lqd-lp-author-info\">\n\t\t\t\t<h3 class=\"mt-0 mb-0 h5\"><a href=\"https:\/\/faveker.com\/en\/author\/faveker\/\">faveker<\/a><\/h3>\n\t\t\t<\/div>\n\t\t<\/div>\n\n\t\t<time class=\"lqd-lp-date pos-rel z-index-2\" datetime=\"2026-03-10T15:35:27+01:00\">March 10th, 2026<\/time>\n\t<\/div>\n\n\t<h2 class=\"entry-title lqd-lp-title mt-3 mb-0 h5\"><a  href=\"https:\/\/faveker.com\/en\/blog\/passivhaus-architecture-ventilated-facade-ies-muskiz\/\" rel=\"bookmark\">Passivhaus Architecture: The Ventilated Fa\u00e7ade as an Efficiency Driver at IES Muskiz<\/a><\/h2>\n<\/header>\n\n<a  href=\"https:\/\/faveker.com\/en\/blog\/passivhaus-architecture-ventilated-facade-ies-muskiz\/\" class=\"lqd-lp-overlay-link lqd-overlay z-index-2\" tab-index=\"-1\"><\/a><\/article><\/div><div class=\"lqd-lp-column col-md-4 col-sm-6 sustainable-buildings\"><article id=\"post-35647\" class=\"lqd-lp lqd-lp-style-6 lqd-lp-hover-img-zoom pos-rel round overflow-hidden post-35647 post type-post status-publish format-standard has-post-thumbnail hentry category-sustainable-buildings\">\n<div class=\"lqd-lp-img overflow-hidden\">\n\n\t<figure><img decoding=\"async\" width=\"720\" height=\"510\" src=\"data:image\/svg+xml;charset=utf-8,%3Csvg xmlns%3D&#039;http%3A%2F%2Fwww.w3.org%2F2000%2Fsvg&#039; viewBox%3D&#039;0 0 720 510&#039;%2F%3E\" class=\"w-100 ld-lazyload wp-post-image\" alt=\"Rehabilitaci\u00f3n energ\u00e9tica de edificio con fachada ventilada cer\u00e1mica\" itemprop=\"image\" data-src=\"https:\/\/faveker.com\/wp-content\/uploads\/2025\/03\/rehabilitacion-energetica-edificios-720x510.jpg\" data-aspect=\"1.4117647058824\" \/><\/figure>\n\t<div class=\"lqd-lp-meta text-uppercase font-weight-bold pos-rel z-index-3\">\n\t\t\t<\/div>\n\n<\/div>\n\n<header class=\"lqd-lp-header p-5\">\n\n\t<div class=\"lqd-lp-meta lqd-lp-meta-dot-between d-flex flex-wrap align-items-center text-uppercase ltr-sp-1 font-weight-bold\">\n\n\t\t<div class=\"lqd-lp-author pos-rel z-index-3\">\n\t\t\t<div class=\"lqd-lp-author-info\">\n\t\t\t\t<h3 class=\"mt-0 mb-0 h5\"><a href=\"https:\/\/faveker.com\/en\/author\/faveker\/\">faveker<\/a><\/h3>\n\t\t\t<\/div>\n\t\t<\/div>\n\n\t\t<time class=\"lqd-lp-date pos-rel z-index-2\" datetime=\"2025-03-06T16:00:08+01:00\">March 6th, 2025<\/time>\n\t<\/div>\n\n\t<h2 class=\"entry-title lqd-lp-title mt-3 mb-0 h5\"><a  href=\"https:\/\/faveker.com\/en\/blog\/energy-rehabilitation-building\/\" rel=\"bookmark\">Energy rehabilitation of a building: solutions to save energy<\/a><\/h2>\n<\/header>\n\n<a  href=\"https:\/\/faveker.com\/en\/blog\/energy-rehabilitation-building\/\" class=\"lqd-lp-overlay-link lqd-overlay z-index-2\" tab-index=\"-1\"><\/a><\/article><\/div><div class=\"lqd-lp-column col-md-4 col-sm-6 sustainable-buildings\"><article id=\"post-11290\" class=\"lqd-lp lqd-lp-style-6 lqd-lp-hover-img-zoom pos-rel round overflow-hidden post-11290 post type-post status-publish format-standard has-post-thumbnail hentry category-sustainable-buildings\">\n<div class=\"lqd-lp-img overflow-hidden\">\n\n\t<figure><img decoding=\"async\" width=\"720\" height=\"510\" src=\"data:image\/svg+xml;charset=utf-8,%3Csvg xmlns%3D&#039;http%3A%2F%2Fwww.w3.org%2F2000%2Fsvg&#039; viewBox%3D&#039;0 0 720 510&#039;%2F%3E\" class=\"w-100 ld-lazyload wp-post-image\" alt=\"PORTADA 6 R\" itemprop=\"image\" data-src=\"https:\/\/faveker.com\/wp-content\/uploads\/2021\/01\/PORTADA-NOTICIAS-WEB-2-720x510.png\" data-aspect=\"1.4117647058824\" \/><\/figure>\n\t<div class=\"lqd-lp-meta text-uppercase font-weight-bold pos-rel z-index-3\">\n\t\t\t<\/div>\n\n<\/div>\n\n<header class=\"lqd-lp-header p-5\">\n\n\t<div class=\"lqd-lp-meta lqd-lp-meta-dot-between d-flex flex-wrap align-items-center text-uppercase ltr-sp-1 font-weight-bold\">\n\n\t\t<div class=\"lqd-lp-author pos-rel z-index-3\">\n\t\t\t<div class=\"lqd-lp-author-info\">\n\t\t\t\t<h3 class=\"mt-0 mb-0 h5\"><a href=\"https:\/\/faveker.com\/en\/author\/marketingdigitalfaveker\/\">Marketing Digital Faveker<\/a><\/h3>\n\t\t\t<\/div>\n\t\t<\/div>\n\n\t\t<time class=\"lqd-lp-date pos-rel z-index-2\" datetime=\"2024-12-14T12:56:25+01:00\">December 14th, 2024<\/time>\n\t<\/div>\n\n\t<h2 class=\"entry-title lqd-lp-title mt-3 mb-0 h5\"><a  href=\"https:\/\/faveker.com\/en\/blog\/circular-economy-sustainability-and-the-6r\/\" rel=\"bookmark\">Sustainability of the 6Rs, the Faveker system based on the circular economy<\/a><\/h2>\n<\/header>\n\n<a  href=\"https:\/\/faveker.com\/en\/blog\/circular-economy-sustainability-and-the-6r\/\" class=\"lqd-lp-overlay-link lqd-overlay z-index-2\" tab-index=\"-1\"><\/a><\/article><\/div><div class=\"lqd-lp-column col-md-4 col-sm-6 sustainable-buildings\"><article id=\"post-21437\" class=\"lqd-lp lqd-lp-style-6 lqd-lp-hover-img-zoom pos-rel round overflow-hidden post-21437 post type-post status-publish format-standard has-post-thumbnail hentry category-sustainable-buildings\">\n<div class=\"lqd-lp-img overflow-hidden\">\n\n\t<figure><img decoding=\"async\" width=\"720\" height=\"510\" src=\"data:image\/svg+xml;charset=utf-8,%3Csvg xmlns%3D&#039;http%3A%2F%2Fwww.w3.org%2F2000%2Fsvg&#039; viewBox%3D&#039;0 0 720 510&#039;%2F%3E\" class=\"w-100 ld-lazyload wp-post-image\" alt=\"Conocer c\u00f3mo contribuye la inercia t\u00e9rmica al ahorro energ\u00e9tico de los edificios es fundamental para lograr edificios eficientes y confortables\" itemprop=\"image\" data-src=\"https:\/\/faveker.com\/wp-content\/uploads\/2024\/05\/banner1000-720x510.jpg\" data-aspect=\"1.4117647058824\" \/><\/figure>\n\t<div class=\"lqd-lp-meta text-uppercase font-weight-bold pos-rel z-index-3\">\n\t\t\t<\/div>\n\n<\/div>\n\n<header class=\"lqd-lp-header p-5\">\n\n\t<div class=\"lqd-lp-meta lqd-lp-meta-dot-between d-flex flex-wrap align-items-center text-uppercase ltr-sp-1 font-weight-bold\">\n\n\t\t<div class=\"lqd-lp-author pos-rel z-index-3\">\n\t\t\t<div class=\"lqd-lp-author-info\">\n\t\t\t\t<h3 class=\"mt-0 mb-0 h5\"><a href=\"https:\/\/faveker.com\/en\/author\/faveker\/\">faveker<\/a><\/h3>\n\t\t\t<\/div>\n\t\t<\/div>\n\n\t\t<time class=\"lqd-lp-date pos-rel z-index-2\" datetime=\"2024-10-05T14:39:40+02:00\">October 5th, 2024<\/time>\n\t<\/div>\n\n\t<h2 class=\"entry-title lqd-lp-title mt-3 mb-0 h5\"><a  href=\"https:\/\/faveker.com\/en\/blog\/thermal-inertia-energy-savings-buildings\/\" rel=\"bookmark\">Why does thermal inertia help save energy in buildings?<\/a><\/h2>\n<\/header>\n\n<a  href=\"https:\/\/faveker.com\/en\/blog\/thermal-inertia-energy-savings-buildings\/\" class=\"lqd-lp-overlay-link lqd-overlay z-index-2\" tab-index=\"-1\"><\/a><\/article><\/div><div class=\"lqd-lp-column col-md-4 col-sm-6 sustainable-buildings\"><article id=\"post-11297\" class=\"lqd-lp lqd-lp-style-6 lqd-lp-hover-img-zoom pos-rel round overflow-hidden post-11297 post type-post status-publish format-standard has-post-thumbnail hentry category-sustainable-buildings\">\n<div class=\"lqd-lp-img overflow-hidden\">\n\n\t<figure><img decoding=\"async\" width=\"720\" height=\"510\" src=\"data:image\/svg+xml;charset=utf-8,%3Csvg xmlns%3D&#039;http%3A%2F%2Fwww.w3.org%2F2000%2Fsvg&#039; viewBox%3D&#039;0 0 720 510&#039;%2F%3E\" class=\"w-100 ld-lazyload wp-post-image\" alt=\"La demanda de edificios sostenibles con diferentes usos no para de aumentar\" itemprop=\"image\" data-src=\"https:\/\/faveker.com\/wp-content\/uploads\/2020\/11\/Diseno-sin-titulo-70-720x510.jpg\" data-aspect=\"1.4117647058824\" \/><\/figure>\n\t<div class=\"lqd-lp-meta text-uppercase font-weight-bold pos-rel z-index-3\">\n\t\t\t<\/div>\n\n<\/div>\n\n<header class=\"lqd-lp-header p-5\">\n\n\t<div class=\"lqd-lp-meta lqd-lp-meta-dot-between d-flex flex-wrap align-items-center text-uppercase ltr-sp-1 font-weight-bold\">\n\n\t\t<div class=\"lqd-lp-author pos-rel z-index-3\">\n\t\t\t<div class=\"lqd-lp-author-info\">\n\t\t\t\t<h3 class=\"mt-0 mb-0 h5\"><a href=\"https:\/\/faveker.com\/en\/author\/marketingdigitalfaveker\/\">Marketing Digital Faveker<\/a><\/h3>\n\t\t\t<\/div>\n\t\t<\/div>\n\n\t\t<time class=\"lqd-lp-date pos-rel z-index-2\" datetime=\"2024-08-20T19:39:24+02:00\">August 20th, 2024<\/time>\n\t<\/div>\n\n\t<h2 class=\"entry-title lqd-lp-title mt-3 mb-0 h5\"><a  href=\"https:\/\/faveker.com\/en\/blog\/sustainable-building-demand-ventilated-facades\/\" rel=\"bookmark\">Ceramic ventilated facades meet the high demand for sustainable buildings.<\/a><\/h2>\n<\/header>\n\n<a  href=\"https:\/\/faveker.com\/en\/blog\/sustainable-building-demand-ventilated-facades\/\" class=\"lqd-lp-overlay-link lqd-overlay z-index-2\" tab-index=\"-1\"><\/a><\/article><\/div><\/div><!--\/ .row --><\/div><!--\/ .lqd-lp-grid -->[\/vc_column][\/vc_row]<\/p>\n","protected":false},"excerpt":{"rendered":"<p>[vc_row gap=&#8221;0&#8243; full_height=&#8221;yes&#8221; content_placement=&#8221;middle&#8221; bg_attachment=&#8221;fixed&#8221; enable_overlay=&#8221;yes&#8221; responsive_css=&#8221;padding_top_medium:0px|padding_bottom_medium:0px|padding_top_small:60px|padding_bottom_small:60px&#8221; css=&#8221;.vc_custom_1728927018641{padding-top: 150px !important;padding-bottom: 150px !important;background-image: url(https:\/\/faveker.com\/wp-content\/uploads\/2023\/11\/IMG_0991.jpg?id=13901) !important;background-position: center !important;background-repeat: no-repeat !important;background-size: cover !important;}&#8221; overlay_bg=&#8221;rgba(0, 0, 0, 0.41)&#8221;][vc_column offset=&#8221;vc_col-md-offset-2 vc_col-md-8&#8243;][\/vc_column][\/vc_row][vc_row responsive_css=&#8221;margin_bottom_medium:30px|padding_top_medium:30px|padding_bottom_medium:20px|margin_bottom_small:0px&#8221; css=&#8221;.vc_custom_1727949721517{margin-bottom: 30px !important;padding-top: 30px !important;background-color: #e9e6dc !important;}&#8221; el_id=&#8221;solodesktop&#8221; row_hide=&#8221;hidden-xs hidden-sm&#8221;][vc_column][\/vc_column][\/vc_row][vc_row responsive_css=&#8221;padding_top_medium:30px|padding_bottom_medium:20px&#8221; css=&#8221;.vc_custom_1727949747358{padding-top: 30px !important;background-color: #e9e6dc !important;}&#8221; el_id=&#8221;soloenmovil&#8221; row_hide=&#8221;hidden-md hidden-lg&#8221;][vc_column][\/vc_column][\/vc_row][vc_row header_full_width=&#8221;yes&#8221; el_class=&#8221;menu_subcategorias&#8221;][vc_column][\/vc_column][\/vc_row][vc_row][vc_column][\/vc_column][\/vc_row]<\/p>\n","protected":false},"author":7,"featured_media":0,"parent":11447,"menu_order":0,"comment_status":"closed","ping_status":"closed","template":"","meta":{"_acf_changed":false,"_lmt_disableupdate":"no","_lmt_disable":"","footnotes":""},"class_list":["post-18933","page","type-page","status-publish","hentry"],"acf":[],"_links":{"self":[{"href":"https:\/\/faveker.com\/en\/wp-json\/wp\/v2\/pages\/18933","targetHints":{"allow":["GET"]}}],"collection":[{"href":"https:\/\/faveker.com\/en\/wp-json\/wp\/v2\/pages"}],"about":[{"href":"https:\/\/faveker.com\/en\/wp-json\/wp\/v2\/types\/page"}],"author":[{"embeddable":true,"href":"https:\/\/faveker.com\/en\/wp-json\/wp\/v2\/users\/7"}],"replies":[{"embeddable":true,"href":"https:\/\/faveker.com\/en\/wp-json\/wp\/v2\/comments?post=18933"}],"version-history":[{"count":0,"href":"https:\/\/faveker.com\/en\/wp-json\/wp\/v2\/pages\/18933\/revisions"}],"up":[{"embeddable":true,"href":"https:\/\/faveker.com\/en\/wp-json\/wp\/v2\/pages\/11447"}],"wp:attachment":[{"href":"https:\/\/faveker.com\/en\/wp-json\/wp\/v2\/media?parent=18933"}],"curies":[{"name":"wp","href":"https:\/\/api.w.org\/{rel}","templated":true}]}}